{"id":37,"date":"2022-03-15T20:05:46","date_gmt":"2022-03-15T19:05:46","guid":{"rendered":"http:\/\/hohujgq.cluster031.hosting.ovh.net\/?page_id=37"},"modified":"2024-05-03T13:28:48","modified_gmt":"2024-05-03T13:28:48","slug":"olivier-de-cayron","status":"publish","type":"page","link":"https:\/\/thierry-artbroker.com\/?page_id=37","title":{"rendered":"Olivier de Cayron"},"content":{"rendered":"<p><strong><img loading=\"lazy\" decoding=\"async\" class=\"alignright size-medium wp-image-361\" src=\"https:\/\/thierry-artbroker.com\/wp-content\/uploads\/2022\/04\/de-Cayron-OlivierSmall-1-200x300.jpg\" alt=\"\" width=\"200\" height=\"300\" srcset=\"https:\/\/thierry-artbroker.com\/wp-content\/uploads\/2022\/04\/de-Cayron-OlivierSmall-1-200x300.jpg 200w, https:\/\/thierry-artbroker.com\/wp-content\/uploads\/2022\/04\/de-Cayron-OlivierSmall-1.jpg 333w\" sizes=\"auto, (max-width: 200px) 100vw, 200px\" \/>O<\/strong>livier de Cayron, born in Bourg-la-Reine in 1958 is a self-taught French visual artist. He lives and works in Cachan. In his work, the combination of photography, digital creations, new technologies and micro-perforation stimulates the visual participation of the viewer. He leads an international career and joins numerous private and public collections.<\/p>\n<p>Editor, he co-founded the Revue Art-Scenes in 1986 and contributes through the various editions to the support of transversality in the arts. The Center Pompidou bookstore as well as other bookstores and libraries will support this initiative.<br \/>\nCo-founder of the Transfiguring Movement in 2014 and Optico-Narrative in 2018, he works for the defense and emergence of Plastic Photography.<\/p>\n<p>Present in various selection committees for contemporary art events in Paris (Mac Paris, Contemporary Art 2000), in 2011 he created Baltart-contemporain in partnership with the city of Paris. Event entirely devoted to plastic photography.<br \/>\nMeeting with Sergey Dozdh, founder of Sciarsism. He joined the movement in 2019.<\/p>\n<p>&nbsp;<\/p>\n<div class=\"sidebar-left-wrap\">\n<aside class=\"sidebar-left\">\n<div id=\"text-4\" class=\"ashe-widget widget_text\">\n<div class=\"textwidget\">\n<article id=\"page-52\" class=\"post-52 page type-page status-publish hentry tag-olivier-de-cayron tag-work-for-sale\">\n<header class=\"post-header\">\n<h3 class=\"page-title\" style=\"text-align: center;\"><a href=\"https:\/\/thierry-artbroker.com\/?page_id=52\">Olivier de Cayron- works for sale<\/a><\/h3>\n<\/header>\n<\/article>\n<\/div>\n<\/div>\n<\/aside>\n<\/div>\n<p><strong>Main international exhibitions<\/strong><br \/>\nThebestartists Kiev 2021<br \/>\nInstitut Fran\u00e7ais de Rabat 2015<br \/>\nGalerie Artima Paris 2010<br \/>\nGalerie Olivier Waltman Paris 2016<br \/>\nJudi A Saslow Gallery Chicago 2008<br \/>\nAttis Art Gallery Washington 2009<br \/>\nGalerie Parkuis Rotterdam 2010<br \/>\nArt Miami Miami 2012<\/p>\n<p><strong>Principales parutions et interviews<\/strong><br \/>\nCNN Istanbul 2006<br \/>\nArt absolument num\u00e9ro 76 2017<br \/>\nMiroir de l\u2019Art. 10 artistes pour les 10 ans d\u2019Art up 2 2017<br \/>\nBiscaine Time Miami 2011<br \/>\nArt O Jornal Sao paulo 2008<br \/>\nMagazine des arts 2014<br \/>\nBeaux arts 1990<\/p>\n<p><strong>Bibliographie<\/strong><br \/>\nNoir et Blanc dans l\u2019Art actuel Galerie Michel Broomhead 1990<br \/>\nOuvrage r\u00e9pertori\u00e9 \u00e0 la biblioth\u00e8que du centre Pompidou Edition Alkent Art Gallery Istanbul 2004<br \/>\n23 artistes et une souris Galerie Artima Paris 2010<br \/>\nCatalogue Transversalit\u00e9 2010<br \/>\nCatalogue Transfiguring 2018<br \/>\nCatalogue Paysages Transfigur\u00e9s Galerie Val\u00e9rie Eymeric 2019<\/p>\n","protected":false},"excerpt":{"rendered":"<p>Olivier de Cayron, born in Bourg-la-Reine in 1958 is a self-taught French visual artist. He&hellip;<a href=\"https:\/\/thierry-artbroker.com\/?page_id=37\" class=\"more-link\"><span class=\"more-button\">Continue reading<span class=\"screen-reader-text\">Olivier de Cayron<\/span><\/span><\/a><\/p>\n","protected":false},"author":1,"featured_media":0,"parent":0,"menu_order":0,"comment_status":"closed","ping_status":"closed","template":"","meta":{"footnotes":""},"tags":[20,13],"class_list":["post-37","page","type-page","status-publish","hentry","tag-biography","tag-olivier-de-cayron"],"yoast_head":"<!-- This site is optimized with the Yoast SEO plugin v27.4 - https:\/\/yoast.com\/product\/yoast-seo-wordpress\/ -->\n<title>Olivier de Cayron - thierry-artbroker.com<\/title>\n<meta name=\"robots\" content=\"index, follow, max-snippet:-1, max-image-preview:large, max-video-preview:-1\" \/>\n<link rel=\"canonical\" href=\"https:\/\/thierry-artbroker.com\/?page_id=37\" \/>\n<meta property=\"og:locale\" content=\"en_US\" \/>\n<meta property=\"og:type\" content=\"article\" \/>\n<meta property=\"og:title\" content=\"Olivier de Cayron - thierry-artbroker.com\" \/>\n<meta property=\"og:description\" content=\"Olivier de Cayron, born in Bourg-la-Reine in 1958 is a self-taught French visual artist. He&hellip;Continue readingOlivier de Cayron\" \/>\n<meta property=\"og:url\" content=\"https:\/\/thierry-artbroker.com\/?page_id=37\" \/>\n<meta property=\"og:site_name\" content=\"thierry-artbroker.com\" \/>\n<meta property=\"article:publisher\" content=\"https:\/\/www.facebook.com\/thierryartbrokeraustin\/\" \/>\n<meta property=\"article:modified_time\" content=\"2024-05-03T13:28:48+00:00\" \/>\n<meta property=\"og:image\" content=\"https:\/\/thierry-artbroker.com\/wp-content\/uploads\/2022\/04\/de-Cayron-OlivierSmall-1-200x300.jpg\" \/>\n<meta name=\"twitter:card\" content=\"summary_large_image\" \/>\n<meta name=\"twitter:label1\" content=\"Est. reading time\" \/>\n\t<meta name=\"twitter:data1\" content=\"1 minute\" \/>\n<script type=\"application\/ld+json\" class=\"yoast-schema-graph\">{\"@context\":\"https:\\\/\\\/schema.org\",\"@graph\":[{\"@type\":\"WebPage\",\"@id\":\"https:\\\/\\\/thierry-artbroker.com\\\/?page_id=37\",\"url\":\"https:\\\/\\\/thierry-artbroker.com\\\/?page_id=37\",\"name\":\"Olivier de Cayron - thierry-artbroker.com\",\"isPartOf\":{\"@id\":\"https:\\\/\\\/thierry-artbroker.com\\\/#website\"},\"primaryImageOfPage\":{\"@id\":\"https:\\\/\\\/thierry-artbroker.com\\\/?page_id=37#primaryimage\"},\"image\":{\"@id\":\"https:\\\/\\\/thierry-artbroker.com\\\/?page_id=37#primaryimage\"},\"thumbnailUrl\":\"https:\\\/\\\/thierry-artbroker.com\\\/wp-content\\\/uploads\\\/2022\\\/04\\\/de-Cayron-OlivierSmall-1-200x300.jpg\",\"datePublished\":\"2022-03-15T19:05:46+00:00\",\"dateModified\":\"2024-05-03T13:28:48+00:00\",\"breadcrumb\":{\"@id\":\"https:\\\/\\\/thierry-artbroker.com\\\/?page_id=37#breadcrumb\"},\"inLanguage\":\"en-US\",\"potentialAction\":[{\"@type\":\"ReadAction\",\"target\":[\"https:\\\/\\\/thierry-artbroker.com\\\/?page_id=37\"]}]},{\"@type\":\"ImageObject\",\"inLanguage\":\"en-US\",\"@id\":\"https:\\\/\\\/thierry-artbroker.com\\\/?page_id=37#primaryimage\",\"url\":\"https:\\\/\\\/thierry-artbroker.com\\\/wp-content\\\/uploads\\\/2022\\\/04\\\/de-Cayron-OlivierSmall-1.jpg\",\"contentUrl\":\"https:\\\/\\\/thierry-artbroker.com\\\/wp-content\\\/uploads\\\/2022\\\/04\\\/de-Cayron-OlivierSmall-1.jpg\",\"width\":333,\"height\":500},{\"@type\":\"BreadcrumbList\",\"@id\":\"https:\\\/\\\/thierry-artbroker.com\\\/?page_id=37#breadcrumb\",\"itemListElement\":[{\"@type\":\"ListItem\",\"position\":1,\"name\":\"Home\",\"item\":\"https:\\\/\\\/thierry-artbroker.com\\\/\"},{\"@type\":\"ListItem\",\"position\":2,\"name\":\"Olivier de Cayron\"}]},{\"@type\":\"WebSite\",\"@id\":\"https:\\\/\\\/thierry-artbroker.com\\\/#website\",\"url\":\"https:\\\/\\\/thierry-artbroker.com\\\/\",\"name\":\"thierry-artbroker.com\",\"description\":\"European &amp; American art inTexas\",\"publisher\":{\"@id\":\"https:\\\/\\\/thierry-artbroker.com\\\/#organization\"},\"potentialAction\":[{\"@type\":\"SearchAction\",\"target\":{\"@type\":\"EntryPoint\",\"urlTemplate\":\"https:\\\/\\\/thierry-artbroker.com\\\/?s={search_term_string}\"},\"query-input\":{\"@type\":\"PropertyValueSpecification\",\"valueRequired\":true,\"valueName\":\"search_term_string\"}}],\"inLanguage\":\"en-US\"},{\"@type\":\"Organization\",\"@id\":\"https:\\\/\\\/thierry-artbroker.com\\\/#organization\",\"name\":\"Thierry Art Broker\",\"url\":\"https:\\\/\\\/thierry-artbroker.com\\\/\",\"logo\":{\"@type\":\"ImageObject\",\"inLanguage\":\"en-US\",\"@id\":\"https:\\\/\\\/thierry-artbroker.com\\\/#\\\/schema\\\/logo\\\/image\\\/\",\"url\":\"https:\\\/\\\/i0.wp.com\\\/thierry-artbroker.com\\\/wp-content\\\/uploads\\\/2022\\\/04\\\/Thierry.png?fit=264%2C244&ssl=1\",\"contentUrl\":\"https:\\\/\\\/i0.wp.com\\\/thierry-artbroker.com\\\/wp-content\\\/uploads\\\/2022\\\/04\\\/Thierry.png?fit=264%2C244&ssl=1\",\"width\":264,\"height\":244,\"caption\":\"Thierry Art Broker\"},\"image\":{\"@id\":\"https:\\\/\\\/thierry-artbroker.com\\\/#\\\/schema\\\/logo\\\/image\\\/\"},\"sameAs\":[\"https:\\\/\\\/www.facebook.com\\\/thierryartbrokeraustin\\\/\"]}]}<\/script>\n<!-- \/ Yoast SEO plugin. -->","yoast_head_json":{"title":"Olivier de Cayron - thierry-artbroker.com","robots":{"index":"index","follow":"follow","max-snippet":"max-snippet:-1","max-image-preview":"max-image-preview:large","max-video-preview":"max-video-preview:-1"},"canonical":"https:\/\/thierry-artbroker.com\/?page_id=37","og_locale":"en_US","og_type":"article","og_title":"Olivier de Cayron - thierry-artbroker.com","og_description":"Olivier de Cayron, born in Bourg-la-Reine in 1958 is a self-taught French visual artist. He&hellip;Continue readingOlivier de Cayron","og_url":"https:\/\/thierry-artbroker.com\/?page_id=37","og_site_name":"thierry-artbroker.com","article_publisher":"https:\/\/www.facebook.com\/thierryartbrokeraustin\/","article_modified_time":"2024-05-03T13:28:48+00:00","og_image":[{"url":"https:\/\/thierry-artbroker.com\/wp-content\/uploads\/2022\/04\/de-Cayron-OlivierSmall-1-200x300.jpg","type":"","width":"","height":""}],"twitter_card":"summary_large_image","twitter_misc":{"Est. reading time":"1 minute"},"schema":{"@context":"https:\/\/schema.org","@graph":[{"@type":"WebPage","@id":"https:\/\/thierry-artbroker.com\/?page_id=37","url":"https:\/\/thierry-artbroker.com\/?page_id=37","name":"Olivier de Cayron - thierry-artbroker.com","isPartOf":{"@id":"https:\/\/thierry-artbroker.com\/#website"},"primaryImageOfPage":{"@id":"https:\/\/thierry-artbroker.com\/?page_id=37#primaryimage"},"image":{"@id":"https:\/\/thierry-artbroker.com\/?page_id=37#primaryimage"},"thumbnailUrl":"https:\/\/thierry-artbroker.com\/wp-content\/uploads\/2022\/04\/de-Cayron-OlivierSmall-1-200x300.jpg","datePublished":"2022-03-15T19:05:46+00:00","dateModified":"2024-05-03T13:28:48+00:00","breadcrumb":{"@id":"https:\/\/thierry-artbroker.com\/?page_id=37#breadcrumb"},"inLanguage":"en-US","potentialAction":[{"@type":"ReadAction","target":["https:\/\/thierry-artbroker.com\/?page_id=37"]}]},{"@type":"ImageObject","inLanguage":"en-US","@id":"https:\/\/thierry-artbroker.com\/?page_id=37#primaryimage","url":"https:\/\/thierry-artbroker.com\/wp-content\/uploads\/2022\/04\/de-Cayron-OlivierSmall-1.jpg","contentUrl":"https:\/\/thierry-artbroker.com\/wp-content\/uploads\/2022\/04\/de-Cayron-OlivierSmall-1.jpg","width":333,"height":500},{"@type":"BreadcrumbList","@id":"https:\/\/thierry-artbroker.com\/?page_id=37#breadcrumb","itemListElement":[{"@type":"ListItem","position":1,"name":"Home","item":"https:\/\/thierry-artbroker.com\/"},{"@type":"ListItem","position":2,"name":"Olivier de Cayron"}]},{"@type":"WebSite","@id":"https:\/\/thierry-artbroker.com\/#website","url":"https:\/\/thierry-artbroker.com\/","name":"thierry-artbroker.com","description":"European &amp; American art inTexas","publisher":{"@id":"https:\/\/thierry-artbroker.com\/#organization"},"potentialAction":[{"@type":"SearchAction","target":{"@type":"EntryPoint","urlTemplate":"https:\/\/thierry-artbroker.com\/?s={search_term_string}"},"query-input":{"@type":"PropertyValueSpecification","valueRequired":true,"valueName":"search_term_string"}}],"inLanguage":"en-US"},{"@type":"Organization","@id":"https:\/\/thierry-artbroker.com\/#organization","name":"Thierry Art Broker","url":"https:\/\/thierry-artbroker.com\/","logo":{"@type":"ImageObject","inLanguage":"en-US","@id":"https:\/\/thierry-artbroker.com\/#\/schema\/logo\/image\/","url":"https:\/\/i0.wp.com\/thierry-artbroker.com\/wp-content\/uploads\/2022\/04\/Thierry.png?fit=264%2C244&ssl=1","contentUrl":"https:\/\/i0.wp.com\/thierry-artbroker.com\/wp-content\/uploads\/2022\/04\/Thierry.png?fit=264%2C244&ssl=1","width":264,"height":244,"caption":"Thierry Art Broker"},"image":{"@id":"https:\/\/thierry-artbroker.com\/#\/schema\/logo\/image\/"},"sameAs":["https:\/\/www.facebook.com\/thierryartbrokeraustin\/"]}]}},"_links":{"self":[{"href":"https:\/\/thierry-artbroker.com\/index.php?rest_route=\/wp\/v2\/pages\/37","targetHints":{"allow":["GET"]}}],"collection":[{"href":"https:\/\/thierry-artbroker.com\/index.php?rest_route=\/wp\/v2\/pages"}],"about":[{"href":"https:\/\/thierry-artbroker.com\/index.php?rest_route=\/wp\/v2\/types\/page"}],"author":[{"embeddable":true,"href":"https:\/\/thierry-artbroker.com\/index.php?rest_route=\/wp\/v2\/users\/1"}],"replies":[{"embeddable":true,"href":"https:\/\/thierry-artbroker.com\/index.php?rest_route=%2Fwp%2Fv2%2Fcomments&post=37"}],"version-history":[{"count":1,"href":"https:\/\/thierry-artbroker.com\/index.php?rest_route=\/wp\/v2\/pages\/37\/revisions"}],"predecessor-version":[{"id":611,"href":"https:\/\/thierry-artbroker.com\/index.php?rest_route=\/wp\/v2\/pages\/37\/revisions\/611"}],"wp:attachment":[{"href":"https:\/\/thierry-artbroker.com\/index.php?rest_route=%2Fwp%2Fv2%2Fmedia&parent=37"}],"wp:term":[{"taxonomy":"post_tag","embeddable":true,"href":"https:\/\/thierry-artbroker.com\/index.php?rest_route=%2Fwp%2Fv2%2Ftags&post=37"}],"curies":[{"name":"wp","href":"https:\/\/api.w.org\/{rel}","templated":true}]}}