{"id":28,"date":"2022-03-15T19:53:50","date_gmt":"2022-03-15T18:53:50","guid":{"rendered":"http:\/\/hohujgq.cluster031.hosting.ovh.net\/?page_id=28"},"modified":"2025-11-07T22:44:38","modified_gmt":"2025-11-07T22:44:38","slug":"welcome","status":"publish","type":"page","link":"https:\/\/thierry-artbroker.com\/","title":{"rendered":"Welcome &#8211; Bienvenue!"},"content":{"rendered":"<hr \/>\n<p><strong>US<\/strong>) Welcome to our website!<\/p>\n<p>Specialist in contemporary art since the early 80s, crossing paths with Roland Cat, Solombre, Vladimir Veli\u010dkovi\u0107, Gerard Fromanger, etc&#8230;<\/p>\n<p>Over the years, I have had the honor of helping numerous artists, while participating in many juries, and contemporary art festivals such as Balt&#8217;Art (Paris), Puls&#8217;Art (Le Mans), among others&#8230; These are privileged relationships with leading European artists were built over a long period of time: while collaborating with the magazine Art-Sc\u00e8nes, as an art photographer, translator of Paul B Allen III&#8217;s book &#8220;The Saturday Song Chronicles,&#8221; journalist for the online magazine <strong><a href=\"https:\/\/www.paris-move.com\/\" target=\"_blank\" rel=\"noopener\"><em>Paris-Move<\/em><\/a><\/strong> and the <strong><a href=\"https:\/\/www.absmag.fr\/\" target=\"_blank\" rel=\"noopener\"><em>magazine ABS<\/em><\/a><\/strong>, and directing the jazz radio Bayou Blue Radio that you can listen to below, via the link\u00a0 between the English and French versions of this text.<\/p>\n<p>Representing the artists on these pages is a story of friendship: Olivier de Cayron and Marie-Laure Mallet Melchior (other artists will be added little by little), as well as my own work.\u00a0 These fusions of photography, painting and sculpture will become treasured pieces in your collection.\u00a0 Some works are already available in the US, others can be preordered.<\/p>\n<p>These works are available only in the USA and Canada, with (for a supplemental charge) delivery by Convelio, fine art transport specialist for international museums such as the Louvre, guaranteeing you a secure delivery of very high quality.<\/p>\n<p>Thierry De Cl\u00e9mensat<br \/>\nArt Broker<\/p>\n<p style=\"text-align: center;\">BAYOU BLUE RADIO<br \/>\nthe voice of jazz<\/p>\n<p><iframe style=\"width: 100%; min-height: 150px; border: 0;\" src=\"https:\/\/bayoublueplayer.com\/public\/bayoublueradio\/embed?theme=dark\" frameborder=\"0\"><\/iframe><\/p>\n<p>FR) Bienvenue sur ce site !<\/p>\n<p><em>Sp\u00e9cialiste en art contemporain depuis le d\u00e9but des ann\u00e9es 80, croisant la route de Roland Cat, Solombre, <\/em><em>Vladimir Veli\u010dkovi\u0107, Gerard Fromanger, etc\u2026<\/em><\/p>\n<p><em>Ayant aid\u00e9 de nombreux artistes, particip\u00e9 \u00e0 de nombreux jurys, ayant collabor\u00e9 entre autres aux festivals d\u2019art contemporain Balt\u2019Art (Paris), Puls\u2019Art\u00a0 (Le Mans), etc\u2026 Ce sont des liens privil\u00e9gi\u00e9s avec des artistes europ\u00e9ens de premier plan qui se sont construit au fil du temps, collaborant \u00e0 la revue Art-Sc\u00e8nes, photographe d\u2019art, traducteur du livre de Paul B Allen IV \u00ab The Saturday Song Chronicles \u00bb journaliste pour le magazine en ligne <a href=\"https:\/\/www.paris-move.com\/\" target=\"_blank\" rel=\"noopener\"><strong>Paris-Move<\/strong><\/a> et le <a href=\"https:\/\/www.absmag.fr\/\" target=\"_blank\" rel=\"noopener\">magazine ABS<\/a>, dirigeant \u00e9galement la radio jazz Bayou Blue Radio que vous pouvez \u00e9couter ici, juste au milieu de cette page entre la version anglaise et fran\u00e7aise de ce texte.<\/em><\/p>\n<p><em>Une histoire d\u2019amiti\u00e9 avec les artistes que je repr\u00e9sente ici \u00e0 Austin et que j\u2019ai le plaisir de repr\u00e9senter sur ces pages Olivier de Cayron et Marie-Laure Mallet Melchior, ainsi que mes propres \u0153uvres photographiques (d&#8217;autres artistes europ\u00e9ens seront ajoutes peu a peu) des travaux entre photographie, peinture et sculpture que vous aurez plaisir \u00e0 vous approprier.<\/em><br \/>\n<em>Vous pouvez commander les \u0153uvres, certaines sont disponibles sur Austin, d\u2019autres disponibles en commande.<\/em><\/p>\n<p><em>Nous vendons les \u0153uvres de nos artistes uniquement sur les USA et le Canada &#8211; les livraisons sont effectu\u00e9es par Convelio , sp\u00e9cialiste dans le d\u00e9m\u00e9nagement d\u2019\u0153uvres d\u2019art pour les grands mus\u00e9es internationaux comme Le Louvre, par exemple et factur\u00e9s en suppl\u00e9ment, vous garantissant une livraison de tr\u00e8s grande qualit\u00e9.<\/em><\/p>\n<p>Thierry De Cl\u00e9mensat<br \/>\nCourtier d&#8217;Art<\/p>\n","protected":false},"excerpt":{"rendered":"<p>US) Welcome to our website! Specialist in contemporary art since the early 80s, crossing paths&hellip;<a href=\"https:\/\/thierry-artbroker.com\/\" class=\"more-link\"><span class=\"more-button\">Continue reading<span class=\"screen-reader-text\">Welcome &#8211; Bienvenue!<\/span><\/span><\/a><\/p>\n","protected":false},"author":1,"featured_media":341,"parent":0,"menu_order":0,"comment_status":"closed","ping_status":"closed","template":"","meta":{"footnotes":""},"tags":[8,9,15,11,14,18,19,26,12,13,17,16,7,10],"class_list":["post-28","page","type-page","status-publish","has-post-thumbnail","hentry","tag-art-broker","tag-austin","tag-baltart-paris","tag-canada","tag-contemporain-art","tag-europe","tag-france","tag-jacky-beaugeois","tag-marie-laure-mallet-melchior","tag-olivier-de-cayron","tag-photography","tag-pulsart-le-mans","tag-thierry-de-clemensat","tag-usa"],"yoast_head":"<!-- This site is optimized with the Yoast SEO plugin v27.4 - https:\/\/yoast.com\/product\/yoast-seo-wordpress\/ -->\n<title>Welcome - Bienvenue! - thierry-artbroker.com<\/title>\n<meta name=\"description\" content=\"Thierry art Broker, Art photographer, Olivier de Cayron, Violet Jen, Marie-Laure Mallet, Tanner Waldon, Art\" \/>\n<meta name=\"robots\" content=\"index, follow, max-snippet:-1, max-image-preview:large, max-video-preview:-1\" \/>\n<link rel=\"canonical\" href=\"https:\/\/thierry-artbroker.com\" \/>\n<meta property=\"og:locale\" content=\"en_US\" \/>\n<meta property=\"og:type\" content=\"article\" \/>\n<meta property=\"og:title\" content=\"Welcome - Bienvenue! - thierry-artbroker.com\" \/>\n<meta property=\"og:description\" content=\"Thierry art Broker, Art photographer, Olivier de Cayron, Violet Jen, Marie-Laure Mallet, Tanner Waldon, Art\" \/>\n<meta property=\"og:url\" content=\"https:\/\/thierry-artbroker.com\" \/>\n<meta property=\"og:site_name\" content=\"thierry-artbroker.com\" \/>\n<meta property=\"article:publisher\" content=\"https:\/\/www.facebook.com\/thierryartbrokeraustin\/\" \/>\n<meta property=\"article:modified_time\" content=\"2025-11-07T22:44:38+00:00\" \/>\n<meta property=\"og:image\" content=\"https:\/\/thierry-artbroker.com\/wp-content\/uploads\/2022\/04\/cropped-Thierry-1536x1059-1.jpg\" \/>\n\t<meta property=\"og:image:width\" content=\"1500\" \/>\n\t<meta property=\"og:image:height\" content=\"576\" \/>\n\t<meta property=\"og:image:type\" content=\"image\/jpeg\" \/>\n<meta name=\"twitter:card\" content=\"summary_large_image\" \/>\n<meta name=\"twitter:label1\" content=\"Est. reading time\" \/>\n\t<meta name=\"twitter:data1\" content=\"3 minutes\" \/>\n<script type=\"application\/ld+json\" class=\"yoast-schema-graph\">{\"@context\":\"https:\\\/\\\/schema.org\",\"@graph\":[{\"@type\":\"WebPage\",\"@id\":\"https:\\\/\\\/thierry-artbroker.com\\\/\",\"url\":\"https:\\\/\\\/thierry-artbroker.com\",\"name\":\"Welcome - Bienvenue! - thierry-artbroker.com\",\"isPartOf\":{\"@id\":\"https:\\\/\\\/thierry-artbroker.com\\\/#website\"},\"primaryImageOfPage\":{\"@id\":\"https:\\\/\\\/thierry-artbroker.com#primaryimage\"},\"image\":{\"@id\":\"https:\\\/\\\/thierry-artbroker.com#primaryimage\"},\"thumbnailUrl\":\"https:\\\/\\\/thierry-artbroker.com\\\/wp-content\\\/uploads\\\/2022\\\/04\\\/cropped-Thierry-1536x1059-1.jpg\",\"datePublished\":\"2022-03-15T18:53:50+00:00\",\"dateModified\":\"2025-11-07T22:44:38+00:00\",\"description\":\"Thierry art Broker, Art photographer, Olivier de Cayron, Violet Jen, Marie-Laure Mallet, Tanner Waldon, Art\",\"breadcrumb\":{\"@id\":\"https:\\\/\\\/thierry-artbroker.com#breadcrumb\"},\"inLanguage\":\"en-US\",\"potentialAction\":[{\"@type\":\"ReadAction\",\"target\":[\"https:\\\/\\\/thierry-artbroker.com\"]}]},{\"@type\":\"ImageObject\",\"inLanguage\":\"en-US\",\"@id\":\"https:\\\/\\\/thierry-artbroker.com#primaryimage\",\"url\":\"https:\\\/\\\/thierry-artbroker.com\\\/wp-content\\\/uploads\\\/2022\\\/04\\\/cropped-Thierry-1536x1059-1.jpg\",\"contentUrl\":\"https:\\\/\\\/thierry-artbroker.com\\\/wp-content\\\/uploads\\\/2022\\\/04\\\/cropped-Thierry-1536x1059-1.jpg\",\"width\":1500,\"height\":576},{\"@type\":\"BreadcrumbList\",\"@id\":\"https:\\\/\\\/thierry-artbroker.com#breadcrumb\",\"itemListElement\":[{\"@type\":\"ListItem\",\"position\":1,\"name\":\"Home\",\"item\":\"https:\\\/\\\/thierry-artbroker.com\\\/\"},{\"@type\":\"ListItem\",\"position\":2,\"name\":\"Thierry Art Broker\"}]},{\"@type\":\"WebSite\",\"@id\":\"https:\\\/\\\/thierry-artbroker.com\\\/#website\",\"url\":\"https:\\\/\\\/thierry-artbroker.com\\\/\",\"name\":\"thierry-artbroker.com\",\"description\":\"European &amp; American art inTexas\",\"publisher\":{\"@id\":\"https:\\\/\\\/thierry-artbroker.com\\\/#organization\"},\"potentialAction\":[{\"@type\":\"SearchAction\",\"target\":{\"@type\":\"EntryPoint\",\"urlTemplate\":\"https:\\\/\\\/thierry-artbroker.com\\\/?s={search_term_string}\"},\"query-input\":{\"@type\":\"PropertyValueSpecification\",\"valueRequired\":true,\"valueName\":\"search_term_string\"}}],\"inLanguage\":\"en-US\"},{\"@type\":\"Organization\",\"@id\":\"https:\\\/\\\/thierry-artbroker.com\\\/#organization\",\"name\":\"Thierry Art Broker\",\"url\":\"https:\\\/\\\/thierry-artbroker.com\\\/\",\"logo\":{\"@type\":\"ImageObject\",\"inLanguage\":\"en-US\",\"@id\":\"https:\\\/\\\/thierry-artbroker.com\\\/#\\\/schema\\\/logo\\\/image\\\/\",\"url\":\"https:\\\/\\\/i0.wp.com\\\/thierry-artbroker.com\\\/wp-content\\\/uploads\\\/2022\\\/04\\\/Thierry.png?fit=264%2C244&ssl=1\",\"contentUrl\":\"https:\\\/\\\/i0.wp.com\\\/thierry-artbroker.com\\\/wp-content\\\/uploads\\\/2022\\\/04\\\/Thierry.png?fit=264%2C244&ssl=1\",\"width\":264,\"height\":244,\"caption\":\"Thierry Art Broker\"},\"image\":{\"@id\":\"https:\\\/\\\/thierry-artbroker.com\\\/#\\\/schema\\\/logo\\\/image\\\/\"},\"sameAs\":[\"https:\\\/\\\/www.facebook.com\\\/thierryartbrokeraustin\\\/\"]}]}<\/script>\n<!-- \/ Yoast SEO plugin. -->","yoast_head_json":{"title":"Welcome - Bienvenue! - thierry-artbroker.com","description":"Thierry art Broker, Art photographer, Olivier de Cayron, Violet Jen, Marie-Laure Mallet, Tanner Waldon, Art","robots":{"index":"index","follow":"follow","max-snippet":"max-snippet:-1","max-image-preview":"max-image-preview:large","max-video-preview":"max-video-preview:-1"},"canonical":"https:\/\/thierry-artbroker.com","og_locale":"en_US","og_type":"article","og_title":"Welcome - Bienvenue! - thierry-artbroker.com","og_description":"Thierry art Broker, Art photographer, Olivier de Cayron, Violet Jen, Marie-Laure Mallet, Tanner Waldon, Art","og_url":"https:\/\/thierry-artbroker.com","og_site_name":"thierry-artbroker.com","article_publisher":"https:\/\/www.facebook.com\/thierryartbrokeraustin\/","article_modified_time":"2025-11-07T22:44:38+00:00","og_image":[{"width":1500,"height":576,"url":"https:\/\/thierry-artbroker.com\/wp-content\/uploads\/2022\/04\/cropped-Thierry-1536x1059-1.jpg","type":"image\/jpeg"}],"twitter_card":"summary_large_image","twitter_misc":{"Est. reading time":"3 minutes"},"schema":{"@context":"https:\/\/schema.org","@graph":[{"@type":"WebPage","@id":"https:\/\/thierry-artbroker.com\/","url":"https:\/\/thierry-artbroker.com","name":"Welcome - Bienvenue! - thierry-artbroker.com","isPartOf":{"@id":"https:\/\/thierry-artbroker.com\/#website"},"primaryImageOfPage":{"@id":"https:\/\/thierry-artbroker.com#primaryimage"},"image":{"@id":"https:\/\/thierry-artbroker.com#primaryimage"},"thumbnailUrl":"https:\/\/thierry-artbroker.com\/wp-content\/uploads\/2022\/04\/cropped-Thierry-1536x1059-1.jpg","datePublished":"2022-03-15T18:53:50+00:00","dateModified":"2025-11-07T22:44:38+00:00","description":"Thierry art Broker, Art photographer, Olivier de Cayron, Violet Jen, Marie-Laure Mallet, Tanner Waldon, Art","breadcrumb":{"@id":"https:\/\/thierry-artbroker.com#breadcrumb"},"inLanguage":"en-US","potentialAction":[{"@type":"ReadAction","target":["https:\/\/thierry-artbroker.com"]}]},{"@type":"ImageObject","inLanguage":"en-US","@id":"https:\/\/thierry-artbroker.com#primaryimage","url":"https:\/\/thierry-artbroker.com\/wp-content\/uploads\/2022\/04\/cropped-Thierry-1536x1059-1.jpg","contentUrl":"https:\/\/thierry-artbroker.com\/wp-content\/uploads\/2022\/04\/cropped-Thierry-1536x1059-1.jpg","width":1500,"height":576},{"@type":"BreadcrumbList","@id":"https:\/\/thierry-artbroker.com#breadcrumb","itemListElement":[{"@type":"ListItem","position":1,"name":"Home","item":"https:\/\/thierry-artbroker.com\/"},{"@type":"ListItem","position":2,"name":"Thierry Art Broker"}]},{"@type":"WebSite","@id":"https:\/\/thierry-artbroker.com\/#website","url":"https:\/\/thierry-artbroker.com\/","name":"thierry-artbroker.com","description":"European &amp; American art inTexas","publisher":{"@id":"https:\/\/thierry-artbroker.com\/#organization"},"potentialAction":[{"@type":"SearchAction","target":{"@type":"EntryPoint","urlTemplate":"https:\/\/thierry-artbroker.com\/?s={search_term_string}"},"query-input":{"@type":"PropertyValueSpecification","valueRequired":true,"valueName":"search_term_string"}}],"inLanguage":"en-US"},{"@type":"Organization","@id":"https:\/\/thierry-artbroker.com\/#organization","name":"Thierry Art Broker","url":"https:\/\/thierry-artbroker.com\/","logo":{"@type":"ImageObject","inLanguage":"en-US","@id":"https:\/\/thierry-artbroker.com\/#\/schema\/logo\/image\/","url":"https:\/\/i0.wp.com\/thierry-artbroker.com\/wp-content\/uploads\/2022\/04\/Thierry.png?fit=264%2C244&ssl=1","contentUrl":"https:\/\/i0.wp.com\/thierry-artbroker.com\/wp-content\/uploads\/2022\/04\/Thierry.png?fit=264%2C244&ssl=1","width":264,"height":244,"caption":"Thierry Art Broker"},"image":{"@id":"https:\/\/thierry-artbroker.com\/#\/schema\/logo\/image\/"},"sameAs":["https:\/\/www.facebook.com\/thierryartbrokeraustin\/"]}]}},"_links":{"self":[{"href":"https:\/\/thierry-artbroker.com\/index.php?rest_route=\/wp\/v2\/pages\/28","targetHints":{"allow":["GET"]}}],"collection":[{"href":"https:\/\/thierry-artbroker.com\/index.php?rest_route=\/wp\/v2\/pages"}],"about":[{"href":"https:\/\/thierry-artbroker.com\/index.php?rest_route=\/wp\/v2\/types\/page"}],"author":[{"embeddable":true,"href":"https:\/\/thierry-artbroker.com\/index.php?rest_route=\/wp\/v2\/users\/1"}],"replies":[{"embeddable":true,"href":"https:\/\/thierry-artbroker.com\/index.php?rest_route=%2Fwp%2Fv2%2Fcomments&post=28"}],"version-history":[{"count":5,"href":"https:\/\/thierry-artbroker.com\/index.php?rest_route=\/wp\/v2\/pages\/28\/revisions"}],"predecessor-version":[{"id":524,"href":"https:\/\/thierry-artbroker.com\/index.php?rest_route=\/wp\/v2\/pages\/28\/revisions\/524"}],"wp:featuredmedia":[{"embeddable":true,"href":"https:\/\/thierry-artbroker.com\/index.php?rest_route=\/wp\/v2\/media\/341"}],"wp:attachment":[{"href":"https:\/\/thierry-artbroker.com\/index.php?rest_route=%2Fwp%2Fv2%2Fmedia&parent=28"}],"wp:term":[{"taxonomy":"post_tag","embeddable":true,"href":"https:\/\/thierry-artbroker.com\/index.php?rest_route=%2Fwp%2Fv2%2Ftags&post=28"}],"curies":[{"name":"wp","href":"https:\/\/api.w.org\/{rel}","templated":true}]}}